{"id":64,"date":"2025-02-06T18:47:42","date_gmt":"2025-02-06T18:47:42","guid":{"rendered":"https:\/\/kubify.nl\/?post_type=product&#038;p=64"},"modified":"2026-04-08T19:47:06","modified_gmt":"2026-04-08T17:47:06","slug":"pla-basic","status":"publish","type":"product","link":"https:\/\/kubify.nl\/nl\/product\/pla-basic\/","title":{"rendered":"PLA"},"content":{"rendered":"<h3 class=\"\" data-start=\"1956\" data-end=\"1975\">\ud83e\uddfe Hoe het werkt<\/h3>\n<ol>\n<li>Klik op de knop \u2018Configureer uw 3D-printopdracht\u2019.<\/li>\n<li>Upload uw .STL- of .3MF-bestand<\/li>\n<li>Kies de gewenste kleur\/subtype, laagdikte en aantal.<\/li>\n<li class=\"translation-block\">Je kunt eventueel de <strong>geavanceerde instellingen<\/strong> wijzigen.<\/li>\n<li>Selecteer \u2018Prijs berekenen\u2019 en voeg vervolgens het product(en) toe aan uw winkelmandje. De getoonde prijs is per artikel!<\/li>\n<li>Na betaling verwerken, printen en verzenden we dit zo snel mogelijk naar u!<\/li>\n<\/ol>\n<hr class=\"\" data-start=\"1753\" data-end=\"1756\" \/>\n<h3><img decoding=\"async\" class=\"\" src=\"https:\/\/www.freeiconspng.com\/uploads\/tips-png-24.png\" alt=\"Tips Designs PNG Transparent Background, Free Download #38055 - FreeIconsPNG\" width=\"41\" height=\"31\" \/>Tips<\/h3>\n<ol>\n<li data-start=\"1980\" data-end=\"2013\">Een 3mf-model kan meerdere platen bevatten waarop je componenten zorgvuldig groepeert zodat ze passen. Je kunt elke plaat afzonderlijk printen in een andere kleur of met een ander submateriaal.<\/li>\n<li data-start=\"1980\" data-end=\"2013\">Onder geavanceerde opties kunt u de instellingen voor uw product optimaliseren. We hebben een aantal vooraf geconfigureerde instellingen voor bepaalde categorie\u00ebn die al een groot verschil maken, maar u kunt ze nog steeds aanpassen. Voordat u 100 onderdelen van \u00e9\u00e9n model bestelt, is het wellicht verstandiger om eerst een bestelling met bepaalde instellingen te testen.<\/li>\n<li data-start=\"1980\" data-end=\"2013\">De instelling 'Automatisch ori\u00ebnteren\/rangschikken' staat standaard op 'Automatisch', maar kan expliciet op 'Ja' of 'Nee' worden ingesteld. Dit is een handige functie als u niet veel kennis hebt. Voor de beste afdrukkwaliteit kunt u echter het beste een 3mf-model maken en de rangschikking en ori\u00ebntatie van elk object op elke plaat optimaliseren. Kies in dat geval voor 'Nee'.<\/li>\n<li data-start=\"1980\" data-end=\"2013\">We hebben een aantal standaardinstellingen voor ondersteuning. U kunt deze naar eigen inzicht optimaliseren voor uw specifieke model.<\/li>\n<\/ol>\n<hr class=\"\" data-start=\"1951\" data-end=\"1954\" \/>\n<p>Zie meer <strong>TIPS<\/strong> <a href=\"https:\/\/kubify.nl\/nl\/docs\/tips\/\">hier<\/a>!<\/p>","protected":false},"excerpt":{"rendered":"<p>Upload uw 3D-model en kies uit 12 levendige PLA-kleuren.<br \/>\nMaximale afmetingen: 260\u00d7260\u00d7300 mm<\/p>","protected":false},"featured_media":2863,"template":"","meta":{"site-sidebar-layout":"no-sidebar","site-content-layout":"","ast-site-content-layout":"default","site-content-style":"default","site-sidebar-style":"default","ast-global-header-display":"","ast-banner-title-visibility":"","ast-main-header-display":"","ast-hfb-above-header-display":"","ast-hfb-below-header-display":"","ast-hfb-mobile-header-display":"","site-post-title":"","ast-breadcrumbs-content":"","ast-featured-img":"","footer-sml-layout":"","theme-transparent-header-meta":"disabled","adv-header-id-meta":"","stick-header-meta":"","header-above-stick-meta":"","header-main-stick-meta":"","header-below-stick-meta":"","astra-migrate-meta-layouts":"set","ast-page-background-enabled":"default","ast-page-background-meta":{"desktop":{"background-color":"","background-image":"","background-repeat":"repeat","background-position":"center center","background-size":"auto","background-attachment":"scroll","background-type":"","background-media":"","overlay-type":"","overlay-color":"","overlay-opacity":"","overlay-gradient":""},"tablet":{"background-color":"","background-image":"","background-repeat":"repeat","background-position":"center center","background-size":"auto","background-attachment":"scroll","background-type":"","background-media":"","overlay-type":"","overlay-color":"","overlay-opacity":"","overlay-gradient":""},"mobile":{"background-color":"","background-image":"","background-repeat":"repeat","background-position":"center center","background-size":"auto","background-attachment":"scroll","background-type":"","background-media":"","overlay-type":"","overlay-color":"","overlay-opacity":"","overlay-gradient":""}},"ast-content-background-meta":{"desktop":{"background-color":"var(--ast-global-color-5)","background-image":"","background-repeat":"repeat","background-position":"center center","background-size":"auto","background-attachment":"scroll","background-type":"","background-media":"","overlay-type":"","overlay-color":"","overlay-opacity":"","overlay-gradient":""},"tablet":{"background-color":"var(--ast-global-color-5)","background-image":"","background-repeat":"repeat","background-position":"center center","background-size":"auto","background-attachment":"scroll","background-type":"","background-media":"","overlay-type":"","overlay-color":"","overlay-opacity":"","overlay-gradient":""},"mobile":{"background-color":"var(--ast-global-color-5)","background-image":"","background-repeat":"repeat","background-position":"center center","background-size":"auto","background-attachment":"scroll","background-type":"","background-media":"","overlay-type":"","overlay-color":"","overlay-opacity":"","overlay-gradient":""}}},"product_brand":[],"product_cat":[19],"product_tag":[39],"class_list":{"0":"post-64","1":"product","2":"type-product","3":"status-publish","4":"has-post-thumbnail","6":"product_cat-print","7":"product_tag-pla","8":"desktop-align-left","9":"tablet-align-left","10":"mobile-align-left","12":"first","13":"instock","14":"taxable","15":"shipping-taxable","16":"purchasable","17":"product-type-kubify_3dprint_job"},"yoast_head":"<!-- This site is optimized with the Yoast SEO plugin v27.3 - https:\/\/yoast.com\/product\/yoast-seo-wordpress\/ -->\n<title>PLA - Kubify<\/title>\n<meta name=\"robots\" content=\"index, follow, max-snippet:-1, max-image-preview:large, max-video-preview:-1\" \/>\n<link rel=\"canonical\" href=\"https:\/\/kubify.nl\/nl\/product\/pla-basic\/\" \/>\n<meta property=\"og:locale\" content=\"nl_NL\" \/>\n<meta property=\"og:type\" content=\"article\" \/>\n<meta property=\"og:title\" content=\"PLA - Kubify\" \/>\n<meta property=\"og:description\" content=\"Upload your 3D model and choose from 12 vibrant PLA colors. Max size: 260\u00d7260\u00d7300mm\" \/>\n<meta property=\"og:url\" content=\"https:\/\/kubify.nl\/nl\/product\/pla-basic\/\" \/>\n<meta property=\"og:site_name\" content=\"Kubify\" \/>\n<meta property=\"article:modified_time\" content=\"2026-04-08T17:47:06+00:00\" \/>\n<meta property=\"og:image\" content=\"https:\/\/kubify.nl\/app\/uploads\/2026\/04\/pla_color_single.png\" \/>\n\t<meta property=\"og:image:width\" content=\"1024\" \/>\n\t<meta property=\"og:image:height\" content=\"1024\" \/>\n\t<meta property=\"og:image:type\" content=\"image\/png\" \/>\n<meta name=\"twitter:card\" content=\"summary_large_image\" \/>\n<meta name=\"twitter:label1\" content=\"Est. reading time\" \/>\n\t<meta name=\"twitter:data1\" content=\"1 minute\" \/>\n<script type=\"application\/ld+json\" class=\"yoast-schema-graph\">{\"@context\":\"https:\\\/\\\/schema.org\",\"@graph\":[{\"@type\":\"WebPage\",\"@id\":\"https:\\\/\\\/kubify.nl\\\/product\\\/pla-basic\\\/\",\"url\":\"https:\\\/\\\/kubify.nl\\\/product\\\/pla-basic\\\/\",\"name\":\"PLA - Kubify\",\"isPartOf\":{\"@id\":\"https:\\\/\\\/kubify.nl\\\/#website\"},\"primaryImageOfPage\":{\"@id\":\"https:\\\/\\\/kubify.nl\\\/product\\\/pla-basic\\\/#primaryimage\"},\"image\":{\"@id\":\"https:\\\/\\\/kubify.nl\\\/product\\\/pla-basic\\\/#primaryimage\"},\"thumbnailUrl\":\"https:\\\/\\\/kubify.nl\\\/app\\\/uploads\\\/2026\\\/04\\\/pla_color_single.png\",\"datePublished\":\"2025-02-06T18:47:42+00:00\",\"dateModified\":\"2026-04-08T17:47:06+00:00\",\"breadcrumb\":{\"@id\":\"https:\\\/\\\/kubify.nl\\\/product\\\/pla-basic\\\/#breadcrumb\"},\"inLanguage\":\"nl-NL\",\"potentialAction\":[{\"@type\":\"ReadAction\",\"target\":[\"https:\\\/\\\/kubify.nl\\\/product\\\/pla-basic\\\/\"]}]},{\"@type\":\"ImageObject\",\"inLanguage\":\"nl-NL\",\"@id\":\"https:\\\/\\\/kubify.nl\\\/product\\\/pla-basic\\\/#primaryimage\",\"url\":\"https:\\\/\\\/kubify.nl\\\/app\\\/uploads\\\/2026\\\/04\\\/pla_color_single.png\",\"contentUrl\":\"https:\\\/\\\/kubify.nl\\\/app\\\/uploads\\\/2026\\\/04\\\/pla_color_single.png\",\"width\":1024,\"height\":1024},{\"@type\":\"BreadcrumbList\",\"@id\":\"https:\\\/\\\/kubify.nl\\\/product\\\/pla-basic\\\/#breadcrumb\",\"itemListElement\":[{\"@type\":\"ListItem\",\"position\":1,\"name\":\"Home\",\"item\":\"https:\\\/\\\/kubify.nl\\\/\"},{\"@type\":\"ListItem\",\"position\":2,\"name\":\"Shop\",\"item\":\"https:\\\/\\\/kubify.nl\\\/shop-2\\\/\"},{\"@type\":\"ListItem\",\"position\":3,\"name\":\"PLA\"}]},{\"@type\":\"WebSite\",\"@id\":\"https:\\\/\\\/kubify.nl\\\/#website\",\"url\":\"https:\\\/\\\/kubify.nl\\\/\",\"name\":\"Kubify\",\"description\":\"Kubify\",\"publisher\":{\"@id\":\"https:\\\/\\\/kubify.nl\\\/#organization\"},\"potentialAction\":[{\"@type\":\"SearchAction\",\"target\":{\"@type\":\"EntryPoint\",\"urlTemplate\":\"https:\\\/\\\/kubify.nl\\\/?s={search_term_string}\"},\"query-input\":{\"@type\":\"PropertyValueSpecification\",\"valueRequired\":true,\"valueName\":\"search_term_string\"}}],\"inLanguage\":\"nl-NL\"},{\"@type\":\"Organization\",\"@id\":\"https:\\\/\\\/kubify.nl\\\/#organization\",\"name\":\"Kubify\",\"url\":\"https:\\\/\\\/kubify.nl\\\/\",\"logo\":{\"@type\":\"ImageObject\",\"inLanguage\":\"nl-NL\",\"@id\":\"https:\\\/\\\/kubify.nl\\\/#\\\/schema\\\/logo\\\/image\\\/\",\"url\":\"https:\\\/\\\/kubify.nl\\\/app\\\/uploads\\\/2025\\\/05\\\/cropped-cropped-logo1_grey.png\",\"contentUrl\":\"https:\\\/\\\/kubify.nl\\\/app\\\/uploads\\\/2025\\\/05\\\/cropped-cropped-logo1_grey.png\",\"width\":503,\"height\":221,\"caption\":\"Kubify\"},\"image\":{\"@id\":\"https:\\\/\\\/kubify.nl\\\/#\\\/schema\\\/logo\\\/image\\\/\"}}]}<\/script>\n<!-- \/ Yoast SEO plugin. -->","yoast_head_json":{"title":"PLA - Kubify","robots":{"index":"index","follow":"follow","max-snippet":"max-snippet:-1","max-image-preview":"max-image-preview:large","max-video-preview":"max-video-preview:-1"},"canonical":"https:\/\/kubify.nl\/nl\/product\/pla-basic\/","og_locale":"nl_NL","og_type":"article","og_title":"PLA - Kubify","og_description":"Upload your 3D model and choose from 12 vibrant PLA colors. Max size: 260\u00d7260\u00d7300mm","og_url":"https:\/\/kubify.nl\/nl\/product\/pla-basic\/","og_site_name":"Kubify","article_modified_time":"2026-04-08T17:47:06+00:00","og_image":[{"width":1024,"height":1024,"url":"https:\/\/kubify.nl\/app\/uploads\/2026\/04\/pla_color_single.png","type":"image\/png"}],"twitter_card":"summary_large_image","twitter_misc":{"Est. reading time":"1 minute"},"schema":{"@context":"https:\/\/schema.org","@graph":[{"@type":"WebPage","@id":"https:\/\/kubify.nl\/product\/pla-basic\/","url":"https:\/\/kubify.nl\/product\/pla-basic\/","name":"PLA - Kubify","isPartOf":{"@id":"https:\/\/kubify.nl\/#website"},"primaryImageOfPage":{"@id":"https:\/\/kubify.nl\/product\/pla-basic\/#primaryimage"},"image":{"@id":"https:\/\/kubify.nl\/product\/pla-basic\/#primaryimage"},"thumbnailUrl":"https:\/\/kubify.nl\/app\/uploads\/2026\/04\/pla_color_single.png","datePublished":"2025-02-06T18:47:42+00:00","dateModified":"2026-04-08T17:47:06+00:00","breadcrumb":{"@id":"https:\/\/kubify.nl\/product\/pla-basic\/#breadcrumb"},"inLanguage":"nl-NL","potentialAction":[{"@type":"ReadAction","target":["https:\/\/kubify.nl\/product\/pla-basic\/"]}]},{"@type":"ImageObject","inLanguage":"nl-NL","@id":"https:\/\/kubify.nl\/product\/pla-basic\/#primaryimage","url":"https:\/\/kubify.nl\/app\/uploads\/2026\/04\/pla_color_single.png","contentUrl":"https:\/\/kubify.nl\/app\/uploads\/2026\/04\/pla_color_single.png","width":1024,"height":1024},{"@type":"BreadcrumbList","@id":"https:\/\/kubify.nl\/product\/pla-basic\/#breadcrumb","itemListElement":[{"@type":"ListItem","position":1,"name":"Home","item":"https:\/\/kubify.nl\/"},{"@type":"ListItem","position":2,"name":"Shop","item":"https:\/\/kubify.nl\/shop-2\/"},{"@type":"ListItem","position":3,"name":"PLA"}]},{"@type":"WebSite","@id":"https:\/\/kubify.nl\/#website","url":"https:\/\/kubify.nl\/","name":"Kubify","description":"Kubify","publisher":{"@id":"https:\/\/kubify.nl\/#organization"},"potentialAction":[{"@type":"SearchAction","target":{"@type":"EntryPoint","urlTemplate":"https:\/\/kubify.nl\/?s={search_term_string}"},"query-input":{"@type":"PropertyValueSpecification","valueRequired":true,"valueName":"search_term_string"}}],"inLanguage":"nl-NL"},{"@type":"Organization","@id":"https:\/\/kubify.nl\/#organization","name":"Kubify","url":"https:\/\/kubify.nl\/","logo":{"@type":"ImageObject","inLanguage":"nl-NL","@id":"https:\/\/kubify.nl\/#\/schema\/logo\/image\/","url":"https:\/\/kubify.nl\/app\/uploads\/2025\/05\/cropped-cropped-logo1_grey.png","contentUrl":"https:\/\/kubify.nl\/app\/uploads\/2025\/05\/cropped-cropped-logo1_grey.png","width":503,"height":221,"caption":"Kubify"},"image":{"@id":"https:\/\/kubify.nl\/#\/schema\/logo\/image\/"}}]}},"_links":{"self":[{"href":"https:\/\/kubify.nl\/nl\/wp-json\/wp\/v2\/product\/64","targetHints":{"allow":["GET"]}}],"collection":[{"href":"https:\/\/kubify.nl\/nl\/wp-json\/wp\/v2\/product"}],"about":[{"href":"https:\/\/kubify.nl\/nl\/wp-json\/wp\/v2\/types\/product"}],"wp:featuredmedia":[{"embeddable":true,"href":"https:\/\/kubify.nl\/nl\/wp-json\/wp\/v2\/media\/2863"}],"wp:attachment":[{"href":"https:\/\/kubify.nl\/nl\/wp-json\/wp\/v2\/media?parent=64"}],"wp:term":[{"taxonomy":"product_brand","embeddable":true,"href":"https:\/\/kubify.nl\/nl\/wp-json\/wp\/v2\/product_brand?post=64"},{"taxonomy":"product_cat","embeddable":true,"href":"https:\/\/kubify.nl\/nl\/wp-json\/wp\/v2\/product_cat?post=64"},{"taxonomy":"product_tag","embeddable":true,"href":"https:\/\/kubify.nl\/nl\/wp-json\/wp\/v2\/product_tag?post=64"}],"curies":[{"name":"wp","href":"https:\/\/api.w.org\/{rel}","templated":true}]}}